{"id":357,"date":"2022-10-28T14:07:07","date_gmt":"2022-10-28T14:07:07","guid":{"rendered":"https:\/\/startersites.io\/elementor\/restaurant\/?page_id=357"},"modified":"2025-12-27T19:14:09","modified_gmt":"2025-12-27T19:14:09","slug":"about","status":"publish","type":"page","link":"https:\/\/mimenterijer.rs\/index.php\/about\/","title":{"rendered":"O nama"},"content":{"rendered":"\t\t<div data-elementor-type=\"wp-page\" data-elementor-id=\"357\" class=\"elementor elementor-357\">\n\t\t\t\t<div class=\"elementor-element elementor-element-49b2826 e-flex e-con-boxed e-con e-parent\" data-id=\"49b2826\" data-element_type=\"container\" data-settings=\"{&quot;background_background&quot;:&quot;classic&quot;}\">\n\t\t\t\t\t<div class=\"e-con-inner\">\n\t\t\t\t<div class=\"elementor-element elementor-element-51cfb26 elementor-widget elementor-widget-heading\" data-id=\"51cfb26\" data-element_type=\"widget\" data-widget_type=\"heading.default\">\n\t\t\t\t\t<h2 class=\"elementor-heading-title elementor-size-default\">O nama<\/h2>\t\t\t\t<\/div>\n\t\t\t\t<div class=\"elementor-element elementor-element-726ee6b elementor-widget elementor-widget-text-editor\" data-id=\"726ee6b\" data-element_type=\"widget\" data-widget_type=\"text-editor.default\">\n\t\t\t\t\t\t\t\t\t<p>M&amp;M Enterijer su osnovali dva prijatelja koji imaju idealan spoj iskustva, kvaliteta i modernog dizajna.<\/p>\t\t\t\t\t\t\t\t<\/div>\n\t\t\t\t<div class=\"elementor-element elementor-element-47d13ea ct-animated-scroll-icon elementor-view-default elementor-widget elementor-widget-icon\" data-id=\"47d13ea\" data-element_type=\"widget\" data-widget_type=\"icon.default\">\n\t\t\t\t\t\t\t<div class=\"elementor-icon-wrapper\">\n\t\t\t<div class=\"elementor-icon\">\n\t\t\t<svg xmlns=\"http:\/\/www.w3.org\/2000\/svg\" viewBox=\"0 0 50 50\"><path d=\"M25 0C16.4 0 9.4 7 9.4 15.6v18.8a15.6 15.6 0 0 0 31.2 0V15.6C40.6 7 33.6 0 25 0zm12.5 34.4a12.5 12.5 0 0 1-25 0V15.6a12.5 12.5 0 0 1 25 0v18.8z\"><\/path><circle cx=\"25\" cy=\"11.6\" r=\"4\"><\/circle><\/svg>\t\t\t<\/div>\n\t\t<\/div>\n\t\t\t\t\t\t<\/div>\n\t\t<div class=\"elementor-element elementor-element-d1cb722 e-con-full e-flex e-con e-child\" data-id=\"d1cb722\" data-element_type=\"container\" data-settings=\"{&quot;position&quot;:&quot;fixed&quot;}\">\n\t\t\t\t<div class=\"elementor-element elementor-element-7a30a12 elementor-view-default elementor-widget elementor-widget-icon\" data-id=\"7a30a12\" data-element_type=\"widget\" data-widget_type=\"icon.default\">\n\t\t\t\t\t\t\t<div class=\"elementor-icon-wrapper\">\n\t\t\t<a class=\"elementor-icon\" href=\"https:\/\/www.instagram.com\/m_m_enterijer?utm_source=ig_web_button_share_sheet&#038;igsh=ZDNlZDc0MzIxNw==\">\n\t\t\t<svg aria-hidden=\"true\" class=\"e-font-icon-svg e-fab-instagram\" viewBox=\"0 0 448 512\" xmlns=\"http:\/\/www.w3.org\/2000\/svg\"><path d=\"M224.1 141c-63.6 0-114.9 51.3-114.9 114.9s51.3 114.9 114.9 114.9S339 319.5 339 255.9 287.7 141 224.1 141zm0 189.6c-41.1 0-74.7-33.5-74.7-74.7s33.5-74.7 74.7-74.7 74.7 33.5 74.7 74.7-33.6 74.7-74.7 74.7zm146.4-194.3c0 14.9-12 26.8-26.8 26.8-14.9 0-26.8-12-26.8-26.8s12-26.8 26.8-26.8 26.8 12 26.8 26.8zm76.1 27.2c-1.7-35.9-9.9-67.7-36.2-93.9-26.2-26.2-58-34.4-93.9-36.2-37-2.1-147.9-2.1-184.9 0-35.8 1.7-67.6 9.9-93.9 36.1s-34.4 58-36.2 93.9c-2.1 37-2.1 147.9 0 184.9 1.7 35.9 9.9 67.7 36.2 93.9s58 34.4 93.9 36.2c37 2.1 147.9 2.1 184.9 0 35.9-1.7 67.7-9.9 93.9-36.2 26.2-26.2 34.4-58 36.2-93.9 2.1-37 2.1-147.8 0-184.8zM398.8 388c-7.8 19.6-22.9 34.7-42.6 42.6-29.5 11.7-99.5 9-132.1 9s-102.7 2.6-132.1-9c-19.6-7.8-34.7-22.9-42.6-42.6-11.7-29.5-9-99.5-9-132.1s-2.6-102.7 9-132.1c7.8-19.6 22.9-34.7 42.6-42.6 29.5-11.7 99.5-9 132.1-9s102.7-2.6 132.1 9c19.6 7.8 34.7 22.9 42.6 42.6 11.7 29.5 9 99.5 9 132.1s2.7 102.7-9 132.1z\"><\/path><\/svg>\t\t\t<\/a>\n\t\t<\/div>\n\t\t\t\t\t\t<\/div>\n\t\t\t\t<div class=\"elementor-element elementor-element-b1bc623 elementor-view-default elementor-widget elementor-widget-icon\" data-id=\"b1bc623\" data-element_type=\"widget\" data-widget_type=\"icon.default\">\n\t\t\t\t\t\t\t<div class=\"elementor-icon-wrapper\">\n\t\t\t<a class=\"elementor-icon\" href=\"tel:+381691155268\">\n\t\t\t<svg aria-hidden=\"true\" class=\"e-font-icon-svg e-fas-phone\" viewBox=\"0 0 512 512\" xmlns=\"http:\/\/www.w3.org\/2000\/svg\"><path d=\"M493.4 24.6l-104-24c-11.3-2.6-22.9 3.3-27.5 13.9l-48 112c-4.2 9.8-1.4 21.3 6.9 28l60.6 49.6c-36 76.7-98.9 140.5-177.2 177.2l-49.6-60.6c-6.8-8.3-18.2-11.1-28-6.9l-112 48C3.9 366.5-2 378.1.6 389.4l24 104C27.1 504.2 36.7 512 48 512c256.1 0 464-207.5 464-464 0-11.2-7.7-20.9-18.6-23.4z\"><\/path><\/svg>\t\t\t<\/a>\n\t\t<\/div>\n\t\t\t\t\t\t<\/div>\n\t\t\t\t<\/div>\n\t\t\t\t\t<\/div>\n\t\t\t\t<\/div>\n\t\t<div class=\"elementor-element elementor-element-2fbabdb e-flex e-con-boxed e-con e-parent\" data-id=\"2fbabdb\" data-element_type=\"container\">\n\t\t\t\t\t<div class=\"e-con-inner\">\n\t\t<div class=\"elementor-element elementor-element-411d77d e-con-full e-flex e-con e-child\" data-id=\"411d77d\" data-element_type=\"container\" data-settings=\"{&quot;background_background&quot;:&quot;classic&quot;}\">\n\t\t\t\t<div class=\"elementor-element elementor-element-46c07e9 elementor-view-default elementor-widget elementor-widget-icon\" data-id=\"46c07e9\" data-element_type=\"widget\" data-widget_type=\"icon.default\">\n\t\t\t\t\t\t\t<div class=\"elementor-icon-wrapper\">\n\t\t\t<div class=\"elementor-icon\">\n\t\t\t<svg aria-hidden=\"true\" class=\"e-font-icon-svg e-fas-business-time\" viewBox=\"0 0 640 512\" xmlns=\"http:\/\/www.w3.org\/2000\/svg\"><path d=\"M496 224c-79.59 0-144 64.41-144 144s64.41 144 144 144 144-64.41 144-144-64.41-144-144-144zm64 150.29c0 5.34-4.37 9.71-9.71 9.71h-60.57c-5.34 0-9.71-4.37-9.71-9.71v-76.57c0-5.34 4.37-9.71 9.71-9.71h12.57c5.34 0 9.71 4.37 9.71 9.71V352h38.29c5.34 0 9.71 4.37 9.71 9.71v12.58zM496 192c5.4 0 10.72.33 16 .81V144c0-25.6-22.4-48-48-48h-80V48c0-25.6-22.4-48-48-48H176c-25.6 0-48 22.4-48 48v48H48c-25.6 0-48 22.4-48 48v80h395.12c28.6-20.09 63.35-32 100.88-32zM320 96H192V64h128v32zm6.82 224H208c-8.84 0-16-7.16-16-16v-48H0v144c0 25.6 22.4 48 48 48h291.43C327.1 423.96 320 396.82 320 368c0-16.66 2.48-32.72 6.82-48z\"><\/path><\/svg>\t\t\t<\/div>\n\t\t<\/div>\n\t\t\t\t\t\t<\/div>\n\t\t\t\t<div class=\"elementor-element elementor-element-2d5026d elementor-widget elementor-widget-counter\" data-id=\"2d5026d\" data-element_type=\"widget\" data-widget_type=\"counter.default\">\n\t\t\t\t\t\t\t<div class=\"elementor-counter\">\n\t\t\t<div class=\"elementor-counter-title\">Iskustvo<\/div>\t\t\t<div class=\"elementor-counter-number-wrapper\">\n\t\t\t\t<span class=\"elementor-counter-number-prefix\"><\/span>\n\t\t\t\t<span class=\"elementor-counter-number\" data-duration=\"2000\" data-to-value=\"10\" data-from-value=\"0\" data-delimiter=\",\">0<\/span>\n\t\t\t\t<span class=\"elementor-counter-number-suffix\"><\/span>\n\t\t\t<\/div>\n\t\t<\/div>\n\t\t\t\t\t\t<\/div>\n\t\t\t\t<\/div>\n\t\t<div class=\"elementor-element elementor-element-d5eddbb e-con-full e-flex e-con e-child\" data-id=\"d5eddbb\" data-element_type=\"container\" data-settings=\"{&quot;background_background&quot;:&quot;classic&quot;}\">\n\t\t\t\t<div class=\"elementor-element elementor-element-37ebf5b elementor-view-default elementor-widget elementor-widget-icon\" data-id=\"37ebf5b\" data-element_type=\"widget\" data-widget_type=\"icon.default\">\n\t\t\t\t\t\t\t<div class=\"elementor-icon-wrapper\">\n\t\t\t<div class=\"elementor-icon\">\n\t\t\t<svg aria-hidden=\"true\" class=\"e-font-icon-svg e-fas-people-carry\" viewBox=\"0 0 640 512\" xmlns=\"http:\/\/www.w3.org\/2000\/svg\"><path d=\"M128 96c26.5 0 48-21.5 48-48S154.5 0 128 0 80 21.5 80 48s21.5 48 48 48zm384 0c26.5 0 48-21.5 48-48S538.5 0 512 0s-48 21.5-48 48 21.5 48 48 48zm125.7 372.1l-44-110-41.1 46.4-2 18.2 27.7 69.2c5 12.5 17 20.1 29.7 20.1 4 0 8-.7 11.9-2.3 16.4-6.6 24.4-25.2 17.8-41.6zm-34.2-209.8L585 178.1c-4.6-20-18.6-36.8-37.5-44.9-18.5-8-39-6.7-56.1 3.3-22.7 13.4-39.7 34.5-48.1 59.4L432 229.8 416 240v-96c0-8.8-7.2-16-16-16H240c-8.8 0-16 7.2-16 16v96l-16.1-10.2-11.3-33.9c-8.3-25-25.4-46-48.1-59.4-17.2-10-37.6-11.3-56.1-3.3-18.9 8.1-32.9 24.9-37.5 44.9l-18.4 80.2c-4.6 20 .7 41.2 14.4 56.7l67.2 75.9 10.1 92.6C130 499.8 143.8 512 160 512c1.2 0 2.3-.1 3.5-.2 17.6-1.9 30.2-17.7 28.3-35.3l-10.1-92.8c-1.5-13-6.9-25.1-15.6-35l-43.3-49 17.6-70.3 6.8 20.4c4.1 12.5 11.9 23.4 24.5 32.6l51.1 32.5c4.6 2.9 12.1 4.6 17.2 5h160c5.1-.4 12.6-2.1 17.2-5l51.1-32.5c12.6-9.2 20.4-20 24.5-32.6l6.8-20.4 17.6 70.3-43.3 49c-8.7 9.9-14.1 22-15.6 35l-10.1 92.8c-1.9 17.6 10.8 33.4 28.3 35.3 1.2.1 2.3.2 3.5.2 16.1 0 30-12.1 31.8-28.5l10.1-92.6 67.2-75.9c13.6-15.5 19-36.7 14.4-56.7zM46.3 358.1l-44 110c-6.6 16.4 1.4 35 17.8 41.6 16.8 6.6 35.1-1.7 41.6-17.8l27.7-69.2-2-18.2-41.1-46.4z\"><\/path><\/svg>\t\t\t<\/div>\n\t\t<\/div>\n\t\t\t\t\t\t<\/div>\n\t\t\t\t<div class=\"elementor-element elementor-element-447fc9f elementor-widget elementor-widget-counter\" data-id=\"447fc9f\" data-element_type=\"widget\" data-widget_type=\"counter.default\">\n\t\t\t\t\t\t\t<div class=\"elementor-counter\">\n\t\t\t<div class=\"elementor-counter-title\">Klijenata<\/div>\t\t\t<div class=\"elementor-counter-number-wrapper\">\n\t\t\t\t<span class=\"elementor-counter-number-prefix\"><\/span>\n\t\t\t\t<span class=\"elementor-counter-number\" data-duration=\"2000\" data-to-value=\"5\" data-from-value=\"0\" data-delimiter=\",\">0<\/span>\n\t\t\t\t<span class=\"elementor-counter-number-suffix\"><\/span>\n\t\t\t<\/div>\n\t\t<\/div>\n\t\t\t\t\t\t<\/div>\n\t\t\t\t<\/div>\n\t\t<div class=\"elementor-element elementor-element-68b9537 e-con-full e-flex e-con e-child\" data-id=\"68b9537\" data-element_type=\"container\" data-settings=\"{&quot;background_background&quot;:&quot;classic&quot;}\">\n\t\t\t\t<div class=\"elementor-element elementor-element-14ef9b2 elementor-view-default elementor-widget elementor-widget-icon\" data-id=\"14ef9b2\" data-element_type=\"widget\" data-widget_type=\"icon.default\">\n\t\t\t\t\t\t\t<div class=\"elementor-icon-wrapper\">\n\t\t\t<div class=\"elementor-icon\">\n\t\t\t<svg xmlns=\"http:\/\/www.w3.org\/2000\/svg\" viewBox=\"0 0 50 50\"><path d=\"M17.9 50c-.4 0-.6-.3-.7-.6l-2-4.9-.2-.6-2 .9-3.2 1.5c-.4.2-.8.4-1.1 0-.4-.4-.2-.8 0-1.1l5.2-11.9.2-.5-.4-.1c-2-.4-2.8-1.3-3-3.2l-.1-1c-.1-1-.6-2-1.5-2.6l-1.5-1.2c-.9-.8-1.2-2-.8-3.1l.6-1.6c.5-1 .5-2.2 0-3.3l-.7-1.9c-.2-.9 0-1.8.6-2.4l1.1-1a4.3 4.3 0 0 0 2.2-3.9l.1-.5a3.2 3.2 0 0 1 3.1-2.9l1-.1c1.2-.2 2.2-.8 2.8-1.7L18.7 1a3 3 0 0 1 3.2-.8l1.6.6c1 .5 2.1.5 3.1 0l2-.7c.9-.3 1.8 0 2.5.6l1.4 1.6a4 4 0 0 0 3 1.7l1 .1c1.9.3 2.7 1.2 3 3.2l.1 1c.1 1 .6 2 1.5 2.6l1.4 1.1c.9.8 1.3 2.1.9 3.2l-.6 1.5c-.5 1-.5 2.2 0 3.2l.7 1.9c.3 1 0 2-.7 2.7l-1.6 1.3c-.9.6-1.5 1.6-1.5 2.7l-.2 1.3a3.2 3.2 0 0 1-2.7 2.7l-.6.1 1.9 4.2 3.6 8.2c.2.4.3.7 0 1.1s-.7.2-1.1 0l-5.2-2.4-.2.5-1.9 4.8c-.2.4-.3.8-.8.8s-.7-.4-.8-.8l-5.8-13.1-.4-.5c-.2.2-.4.3-.4.5l-5.8 13-.1.3c-.7.5-.9.8-1.3.8zM32 47.5l1.8-4.3c.4-1 .6-1.1 1.6-.6l3.9 1.8v-.2l-4.8-10.8c-.1-.3-.3-.3-.5-.2a4 4 0 0 0-1.6 1.3L31.2 36a3 3 0 0 1-3 .8l-1.2-.4 5 11.1zm-15.7-4 1.6 3.9 4.9-11.1-2.2.4c-1.1 0-1.8-.7-2.5-1.5l-1.4-1.6-1.1-.7-5 11.3.1.1 3.5-1.6c.4-.2.8-.4 1.2-.4.4 0 .6.3.9 1.2zm2.8-40.9-.2.4a5.2 5.2 0 0 1-4.4 2.4c-1.8.2-2.1.7-2.4 2.2V8a5 5 0 0 1-2.2 4.1l-1.2 1c-.5.3-.7.9-.6 1.4l.5 1.5a5 5 0 0 1 .3 4.1l-.4 1c-.7 1.8-.4 2.2.7 3.1l.5.4c1.5 1 2.3 2.6 2.4 4.3.1 1.7.6 2.1 2.1 2.4l.6.1c1.6 0 3 .8 3.9 2.1l1.1 1.3 1 .5 1.8-.6c1.5-.8 3.3-.8 4.8 0l.6.3c1.6.5 2 .3 2.8-.7l.5-.6c1-1.4 2.5-2.3 4.3-2.3 1.9-.2 2.2-.6 2.5-2.2v-.5a5 5 0 0 1 2.2-4.1l1.2-1c.4-.4.6-.9.5-1.5l-.5-1.5a5 5 0 0 1-.3-4.1l.5-1c.6-1.7.4-2.1-.7-3.1l-.4-.3a5.3 5.3 0 0 1-2.5-4.5c.1-1.2-.8-2.3-2-2.4h-.5a5 5 0 0 1-3.9-1.9l-.7-.9c-.9-1.1-1.3-1.5-3.1-.8l-.9.5c-1.3.6-2.7.6-4 0l-.7-.3c-.5-.2-1-.4-1.5-.4-.6 0-1 .4-1.7 1.2zm5.8 28a12.2 12.2 0 1 1 .2-24.4 12.2 12.2 0 0 1-.2 24.4zM14.2 18.3a10.6 10.6 0 0 0 10.6 10.8h.2c5.9-.1 10.7-4.9 10.7-10.8S30.9 7.6 25 7.6c-5.9 0-10.7 4.8-10.8 10.7zm14.2 6.3-2.9-1.5a1 1 0 0 0-1 0l-2.9 1.5h-.9c-.4-.1-.3-.5-.3-.9l.6-3.4c.1-.2 0-.5-.2-.7l-2.4-2.4c-.3-.3-.5-.6-.3-.9.2-.3.5-.5.8-.5l3.2-.5c.3 0 .6-.2.8-.5l1.4-2.9c.2-.3.4-.6.8-.6s.6.2.8.6l1.4 2.9c.1.3.5.6.8.6l3.2.4c.3 0 .5.1.7.3.3.4.2.7-.2 1l-2.5 2.5-.2.6.6 3.5c.1.4-.1.8-.5.9h-.8zm-4.5-8.8c-.2.6-.7 1-1.4 1l-2.2.3 1.7 1.8c.4.3.5.8.4 1.3l-.4 2.5 2.3-1.2a1 1 0 0 1 1.3 0l2.3 1.2-.3-1.9 2.1-3.7-2.6-.4a1 1 0 0 1-.9-.7L25 13.6l-1.1 2.2z\"><\/path><\/svg>\t\t\t<\/div>\n\t\t<\/div>\n\t\t\t\t\t\t<\/div>\n\t\t\t\t<div class=\"elementor-element elementor-element-e9b7c4e elementor-widget elementor-widget-counter\" data-id=\"e9b7c4e\" data-element_type=\"widget\" data-widget_type=\"counter.default\">\n\t\t\t\t\t\t\t<div class=\"elementor-counter\">\n\t\t\t<div class=\"elementor-counter-title\">Mu\u0161terija<\/div>\t\t\t<div class=\"elementor-counter-number-wrapper\">\n\t\t\t\t<span class=\"elementor-counter-number-prefix\"><\/span>\n\t\t\t\t<span class=\"elementor-counter-number\" data-duration=\"2000\" data-to-value=\"48\" data-from-value=\"0\" data-delimiter=\",\">0<\/span>\n\t\t\t\t<span class=\"elementor-counter-number-suffix\"><\/span>\n\t\t\t<\/div>\n\t\t<\/div>\n\t\t\t\t\t\t<\/div>\n\t\t\t\t<\/div>\n\t\t<div class=\"elementor-element elementor-element-15ba0f9 e-con-full e-flex e-con e-child\" data-id=\"15ba0f9\" data-element_type=\"container\" data-settings=\"{&quot;background_background&quot;:&quot;classic&quot;}\">\n\t\t\t\t<div class=\"elementor-element elementor-element-90e8612 elementor-view-default elementor-widget elementor-widget-icon\" data-id=\"90e8612\" data-element_type=\"widget\" data-widget_type=\"icon.default\">\n\t\t\t\t\t\t\t<div class=\"elementor-icon-wrapper\">\n\t\t\t<div class=\"elementor-icon\">\n\t\t\t<svg xmlns=\"http:\/\/www.w3.org\/2000\/svg\" viewBox=\"0 0 50 50\"><path d=\"M15.3 50V39.5a1 1 0 0 0-.3-.7L4.7 27.6l-.6-.3-1.8-.4a2.6 2.6 0 0 1-2.2-2.8 2.5 2.5 0 0 1 2.7-2.3c.6 0 1.3-.2 1.7-.7a2.9 2.9 0 0 1 4.1-.2c.4.4.7.8.8 1.3.1.5.4.9.8 1.2L20.5 33l.3.3.7-1.3a6.9 6.9 0 0 1-2.9-3.8l-1.4-.1c-1.7-.3-2.8-2-2.5-3.7l.4-1c.2-.2.2-.6.1-.8-.5-1.4-.6-3-.5-4.5a8.6 8.6 0 0 1 7.1-7.4c2.4-.4 4.8-.4 7.1.1a8.7 8.7 0 0 1 6.4 10.4v.1l-.1.5a3 3 0 0 0 .1 2.1c.7 1.6-.1 3.4-1.6 4.1l-1.2.3c-.5-.1-1 .3-1.1.8a7.2 7.2 0 0 1-2.6 3.1l.6 1.3.3-.2 10.4-9.7.6-.9c.8-2.4 3.3-3 5.1-1.2.5.4 1.1.7 1.8.6 1 0 2 .6 2.3 1.6.5.9.3 2-.5 2.7-.4.4-.9.7-1.5.8a6 6 0 0 0-3.9 2.2 391 391 0 0 1-8.8 9.4c-.3.3-.5.8-.5 1.2v10H15.3zM6 26.7l.3.3 10.3 11c.2.2.4.5.4.9v9.5h16v-9.6c0-.3.1-.5.3-.7l8.9-9.5 1.7-1.9-2.8-2.2-.2.2L30 34.9l-.2.6v6.1l-1.2-1.2a5 5 0 0 0-7-.2l-.2.2-1.2 1.2v-5.9a1 1 0 0 0-.4-.8L9.2 25l-.4-.3-2.8 2zm15.8 11.2 1.2-.5-1.2-1v1.5zm5.2-.5 1.2.5v-1.5l-1.2 1zM22.7 33l-.8 1.5a250.6 250.6 0 0 0 3.2 2.2l2.8-2.2-.7-1.5-.4-.2c-1.2.4-2.5.4-3.8 0l-.3.2zM21 18.8c-1.4.5-1.8 1.1-1.7 2.6l.4 5.2a5.4 5.4 0 0 0 4.9 4.9c2.6.2 5-1.6 5.5-4.2l.4-4.7h-.3c-1.3.3-2.6-.2-3.5-1.3l-.9-1.1c-.8-1-2-1.6-3.3-1.6l-1.5.2zm-4.7 5.5c-.3.5-.2 1.2.2 1.7s1 .7 1.7.6l-.2-3.2c-.8-.1-1.4.3-1.7.9zm15.8-.9-.2 3.2c.7.2 1.4-.2 1.8-.8.3-.5.3-1.2-.1-1.7-.3-.4-.7-.7-1.2-.7h-.3zm-29.5 0c-.5 0-.9.4-1 .9 0 .5.3 1 .8 1l1.9.4.5-.1 2.8-2.3.2-.4c-.1-.7-.8-1.2-1.5-1.1a1 1 0 0 0-.7.3l-.6.6c-.3.5-.9.8-1.6.7h-.8zm39.6-.7c-.1.2-.1.5.1.6l1.4 1.1c.5.4 1 1 1.6 1.2l2.1-.3c.5 0 .9-.5.9-1s-.5-.9-1-.9h-.1c-1.1.2-2.2-.2-2.8-1.2-.2-.3-.6-.4-1-.6-.5.2-1 .6-1.2 1.1zM23.1 12.1a7.2 7.2 0 0 0-7 7.3c0 .9.2 1.7.5 2.6l1.1-.2v-1.1c0-1.1.5-2.1 1.4-2.7a6 6 0 0 1 7.9 1.1l1.1 1.3c.7.8 1.9.8 2.7.1.3-.2.4-.6.5-.9l.1-1H33c.1.9-.1 1.8-.6 2.5l-.2.6 1.2.2.3-1a7 7 0 0 0-6-8.8l-2.2-.1-2.4.1zm1.6 17.7a3.2 3.2 0 0 1-2.9-3V25h6.5l-.2 2.4a3.2 3.2 0 0 1-3.1 2.5l-.3-.1zm.3-1.6c.9 0 1.6-.7 1.6-1.6h-3.2c0 .9.7 1.6 1.6 1.6zM39.7 14c-.4-.4-.7-1-.9-1.6-.4-1.3.1-2.7 1.2-3.5a3.7 3.7 0 0 1 3.9-.5h.9c1.6-.8 3.6-.2 4.6 1.3 1 1.5.7 3.5-.7 4.6L44.3 18a87.8 87.8 0 0 1-4.6-4zm1.1-3.7c-.7.7-.7 1.9 0 2.6l3.5 2.9 3.2-2.7c.9-.6 1.1-1.8.4-2.7l-.1-.1c-.8-.8-2.1-.9-2.9-.2l-.1.1-.5.7-.8-.8c-.4-.3-.8-.5-1.3-.4-.4 0-1 .2-1.4.6zm-39.5 4a3.5 3.5 0 0 1-.7-4.6c1-1.5 3-2 4.6-1.3.3.2.6.2.9 0 1.6-.8 3.6-.2 4.6 1.3 1 1.5.7 3.5-.6 4.6L5.7 18l-4.4-3.7zm.8-3.9a2 2 0 0 0 .2 2.7l.1.1L5.7 16l3.4-3 .5-.7c.3-.8 0-1.7-.7-2.2-.8-.6-1.9-.5-2.6.1l-.7.7-.6-.7c-.4-.3-.9-.5-1.4-.5-.6 0-1.1.2-1.5.7zm26.6-4.1a3.4 3.4 0 0 1-.7-4.6C29 .2 31-.4 32.6.4c.3.2.6.2.9 0 1.6-.8 3.6-.2 4.6 1.3 1 1.5.7 3.5-.7 4.6l-4.2 3.5-.2.1-4.3-3.6zm.8-4a2 2 0 0 0 .2 2.7l.1.1 1.2 1 2.1 1.8 3.2-2.7c.9-.6 1-1.8.4-2.7l-.1-.2c-.8-.8-2.1-.9-2.9-.1l-.5.6-.7-.7a3 3 0 0 0-1.5-.5c-.6 0-1.1.3-1.5.7zM13.3 6.9l-.7-.6c-1.4-1.1-1.7-3.2-.7-4.7s3-2.1 4.6-1.3c.3.2.6.2.9 0C19-.4 21 .1 22 1.6c1 1.5.7 3.5-.7 4.6l-4.2 3.5-.2.1-3.6-2.9zm.1-4.6a2 2 0 0 0 .1 2.7l.1.1 2.8 2.3.5.4 3.2-2.7c.9-.6 1-1.9.4-2.7l-.1-.1c-.8-.8-2.1-.9-2.9-.2l-.7.7-.6-.8c-.4-.3-.9-.5-1.4-.5-.5.1-1 .4-1.4.8z\"><\/path><\/svg>\t\t\t<\/div>\n\t\t<\/div>\n\t\t\t\t\t\t<\/div>\n\t\t\t\t<div class=\"elementor-element elementor-element-b1fe0c2 elementor-widget elementor-widget-counter\" data-id=\"b1fe0c2\" data-element_type=\"widget\" data-widget_type=\"counter.default\">\n\t\t\t\t\t\t\t<div class=\"elementor-counter\">\n\t\t\t<div class=\"elementor-counter-title\">Dezena<\/div>\t\t\t<div class=\"elementor-counter-number-wrapper\">\n\t\t\t\t<span class=\"elementor-counter-number-prefix\"><\/span>\n\t\t\t\t<span class=\"elementor-counter-number\" data-duration=\"2000\" data-to-value=\"900\" data-from-value=\"0\" data-delimiter=\",\">0<\/span>\n\t\t\t\t<span class=\"elementor-counter-number-suffix\">+<\/span>\n\t\t\t<\/div>\n\t\t<\/div>\n\t\t\t\t\t\t<\/div>\n\t\t\t\t<\/div>\n\t\t\t\t\t<\/div>\n\t\t\t\t<\/div>\n\t\t<div class=\"elementor-element elementor-element-9379389 e-flex e-con-boxed e-con e-parent\" data-id=\"9379389\" data-element_type=\"container\">\n\t\t\t\t\t<div class=\"e-con-inner\">\n\t\t<div class=\"elementor-element elementor-element-2afcc55 e-con-full e-flex e-con e-child\" data-id=\"2afcc55\" data-element_type=\"container\">\n\t\t\t\t<div class=\"elementor-element elementor-element-ba5c91b elementor-widget__width-initial elementor-widget-tablet__width-inherit elementor-widget elementor-widget-heading\" data-id=\"ba5c91b\" data-element_type=\"widget\" data-widget_type=\"heading.default\">\n\t\t\t\t\t<h2 class=\"elementor-heading-title elementor-size-default\">M&amp;M enterijer<\/h2>\t\t\t\t<\/div>\n\t\t\t\t<div class=\"elementor-element elementor-element-1f6e67c elementor-widget elementor-widget-text-editor\" data-id=\"1f6e67c\" data-element_type=\"widget\" data-widget_type=\"text-editor.default\">\n\t\t\t\t\t\t\t\t\t<p>Bavimo se dizajnom, izradom, i monta\u017eom name\u0161taja po meri. Radimo na teritoriji cele Srbije i \u0161ire.<\/p><p>Dizajn radi vrhunski arhitekta sa dugogodi\u0161njim iskustvom. Izradom i monta\u017eom se bave iskusni majstori koji Vas ne\u0107e izneveriti.\u00a0<\/p>\t\t\t\t\t\t\t\t<\/div>\n\t\t\t\t<\/div>\n\t\t<div class=\"elementor-element elementor-element-e7b53e9 e-con-full e-flex e-con e-child\" data-id=\"e7b53e9\" data-element_type=\"container\" data-settings=\"{&quot;background_background&quot;:&quot;classic&quot;}\">\n\t\t\t\t<\/div>\n\t\t\t\t\t<\/div>\n\t\t\t\t<\/div>\n\t\t\t\t<\/div>\n\t\t","protected":false},"excerpt":{"rendered":"<p>O nama M&amp;M Enterijer su osnovali dva prijatelja koji imaju idealan spoj iskustva, kvaliteta i modernog dizajna. Iskustvo 0 Klijenata 0 Mu\u0161terija 0 Dezena 0 + M&amp;M enterijer Bavimo se dizajnom, izradom, i monta\u017eom name\u0161taja po meri. Radimo na teritoriji cele Srbije i \u0161ire. Dizajn radi vrhunski arhitekta sa dugogodi\u0161njim iskustvom. Izradom i monta\u017eom se [&hellip;]<\/p>\n","protected":false},"author":1,"featured_media":0,"parent":0,"menu_order":0,"comment_status":"closed","ping_status":"closed","template":"","meta":{"_themeisle_gutenberg_block_has_review":false,"footnotes":""},"class_list":["post-357","page","type-page","status-publish","hentry"],"blocksy_meta":{"page_title_panel":"","has_hero_section":"disabled","12fc41bb70c28cf055f6f222f63a6fa3":"","hero_section":"type-1","hero_elements":[{"id":"custom_title","enabled":true,"heading_tag":"h1","title":"Home"},{"id":"custom_description","enabled":true,"description_visibility":{"desktop":true,"tablet":true,"mobile":false}},{"id":"custom_meta","enabled":false,"meta_elements":[{"id":"author","enabled":true,"label":"By","has_author_avatar":"yes","avatar_size":25},{"id":"post_date","enabled":true,"label":"On","date_format_source":"default","date_format":"M j, Y"},{"id":"updated_date","enabled":false,"label":"On","date_format_source":"default","date_format":"M j, Y"},{"id":"categories","enabled":false,"label":"In","style":"simple"},{"id":"comments","enabled":true}],"page_meta_elements":{"joined":true,"articles_count":true,"comments":true}},{"id":"breadcrumbs","enabled":false}],"f786e1bdf245028f5e56d969cf7e26c8":"","hero_alignment1":"CT_CSS_SKIP_RULE","hero_margin":40,"hero_alignment2":"center","hero_vertical_alignment":"center","11c3233d02be63ef0250d7cf1ea8d0e1":"","hero_structure":"narrow","a860b481133a86013584e80ab59252c5":"","page_title_bg_type":"featured_image","custom_hero_background":{"attachment_id":null},"page_title_image_size":"full","parallax":{"desktop":false,"tablet":false,"mobile":false},"5fe0f96ec653e09f572395ff1323f34a":"","hero_height":"250px","pageTitleFont":{"family":"Default","variation":"Default","size":"30px","line-height":"CT_CSS_SKIP_RULE","letter-spacing":"CT_CSS_SKIP_RULE","text-transform":"CT_CSS_SKIP_RULE","text-decoration":"CT_CSS_SKIP_RULE"},"pageTitleFontColor":{"default":{"color":"CT_CSS_SKIP_RULEDEFAULT"}},"pageMetaFont":{"family":"Default","variation":"n6","size":"12px","line-height":"1.3","letter-spacing":"CT_CSS_SKIP_RULE","text-transform":"uppercase","text-decoration":"CT_CSS_SKIP_RULE"},"pageMetaFontColor":{"default":{"color":"CT_CSS_SKIP_RULEDEFAULT"},"hover":{"color":"CT_CSS_SKIP_RULEDEFAULT"}},"page_meta_button_type_font_colors":{"default":{"color":"CT_CSS_SKIP_RULEDEFAULT"},"hover":{"color":"CT_CSS_SKIP_RULEDEFAULT"}},"page_meta_button_type_background_colors":{"default":{"color":"CT_CSS_SKIP_RULEDEFAULT"},"hover":{"color":"CT_CSS_SKIP_RULEDEFAULT"}},"pageExcerptFont":{"family":"Default","variation":"Default","size":"CT_CSS_SKIP_RULE","line-height":"CT_CSS_SKIP_RULE","letter-spacing":"CT_CSS_SKIP_RULE","text-transform":"CT_CSS_SKIP_RULE","text-decoration":"CT_CSS_SKIP_RULE"},"pageExcerptColor":{"default":{"color":"CT_CSS_SKIP_RULEDEFAULT"}},"breadcrumbsFont":{"family":"Default","variation":"Default","size":"CT_CSS_SKIP_RULE","line-height":"CT_CSS_SKIP_RULE","letter-spacing":"CT_CSS_SKIP_RULE","text-transform":"CT_CSS_SKIP_RULE","text-decoration":"CT_CSS_SKIP_RULE"},"breadcrumbsFontColor":{"default":{"color":"CT_CSS_SKIP_RULEDEFAULT"},"initial":{"color":"CT_CSS_SKIP_RULEDEFAULT"},"hover":{"color":"CT_CSS_SKIP_RULEDEFAULT"}},"pageTitleOverlay":{"background_type":"color","background_pattern":"type-1","background_image":{"attachment_id":null,"x":0,"y":0},"gradient":"linear-gradient(135deg,rgba(6,147,227,1) 0%,rgb(155,81,224) 100%)","background_repeat":"repeat","background_size":"auto","background_attachment":"scroll","patternColor":{"default":{"color":"#e5e7ea"}},"overlayColor":{"default":{"color":"CT_CSS_SKIP_RULE"}},"backgroundColor":{"default":{"color":"CT_CSS_SKIP_RULE"}}},"pageTitleBackground":{"background_type":"color","background_pattern":"type-1","background_image":{"attachment_id":null,"x":0,"y":0},"gradient":"linear-gradient(135deg,rgba(6,147,227,1) 0%,rgb(155,81,224) 100%)","background_repeat":"repeat","background_size":"auto","background_attachment":"scroll","patternColor":{"default":{"color":"#e5e7ea"}},"overlayColor":{"default":{"color":"CT_CSS_SKIP_RULE"}},"backgroundColor":{"default":{"color":"var(--theme-palette-color-6)"}}},"pageTitlePadding":{"top":"50px","bottom":"50px","left":"auto","right":"auto","linked":true},"a303ba96105db1c68f6628b158b8dbfa":"","page_structure_type":"default","aa6c2694a416349cbc7345e4d010568f":"","content_style_source":"inherit","content_style":"wide","vertical_spacing_source":"custom","content_area_spacing":"none","background":{"background_type":"color","background_pattern":"type-1","background_image":{"attachment_id":null,"x":0,"y":0},"gradient":"linear-gradient(135deg,rgba(6,147,227,1) 0%,rgb(155,81,224) 100%)","background_repeat":"repeat","background_size":"auto","background_attachment":"scroll","patternColor":{"default":{"color":"#e5e7ea"}},"overlayColor":{"default":{"color":"CT_CSS_SKIP_RULE"}},"backgroundColor":{"default":{"color":"CT_CSS_SKIP_RULE"}}},"content_background":{"background_type":"color","background_pattern":"type-1","background_image":{"attachment_id":null,"x":0,"y":0},"gradient":"linear-gradient(135deg,rgba(6,147,227,1) 0%,rgb(155,81,224) 100%)","background_repeat":"repeat","background_size":"auto","background_attachment":"scroll","patternColor":{"default":{"color":"#e5e7ea"}},"overlayColor":{"default":{"color":"CT_CSS_SKIP_RULE"}},"backgroundColor":{"default":{"color":"var(--theme-palette-color-8)"}}},"content_boxed_shadow":{"inherit":false,"blur":18,"spread":-6,"v_offset":12,"h_offset":0,"inset":false,"enable":true,"color":{"color":"rgba(34, 56, 101, 0.04)"}},"content_boxed_border":{"width":1,"style":"none","color":{"color":"rgba(44,62,80,0.2)"}},"content_boxed_radius":{"top":"3px","bottom":"3px","left":"3px","right":"3px","linked":true},"boxed_content_spacing":{"desktop":{"top":"40px","bottom":"40px","left":"40px","right":"40px","linked":true},"tablet":{"top":"35px","bottom":"35px","left":"35px","right":"35px","linked":true},"mobile":{"top":"20px","bottom":"20px","left":"20px","right":"20px","linked":true}},"85e664fdc279c89ca91d311c866b8263":"","disable_featured_image":"no","disable_share_box":"no","disable_header":"no","disable_footer":"no","styles_descriptor":{"styles":{"desktop":"","tablet":"","mobile":""},"google_fonts":[],"version":6}},"_links":{"self":[{"href":"https:\/\/mimenterijer.rs\/index.php\/wp-json\/wp\/v2\/pages\/357","targetHints":{"allow":["GET"]}}],"collection":[{"href":"https:\/\/mimenterijer.rs\/index.php\/wp-json\/wp\/v2\/pages"}],"about":[{"href":"https:\/\/mimenterijer.rs\/index.php\/wp-json\/wp\/v2\/types\/page"}],"author":[{"embeddable":true,"href":"https:\/\/mimenterijer.rs\/index.php\/wp-json\/wp\/v2\/users\/1"}],"replies":[{"embeddable":true,"href":"https:\/\/mimenterijer.rs\/index.php\/wp-json\/wp\/v2\/comments?post=357"}],"version-history":[{"count":38,"href":"https:\/\/mimenterijer.rs\/index.php\/wp-json\/wp\/v2\/pages\/357\/revisions"}],"predecessor-version":[{"id":1366,"href":"https:\/\/mimenterijer.rs\/index.php\/wp-json\/wp\/v2\/pages\/357\/revisions\/1366"}],"wp:attachment":[{"href":"https:\/\/mimenterijer.rs\/index.php\/wp-json\/wp\/v2\/media?parent=357"}],"curies":[{"name":"wp","href":"https:\/\/api.w.org\/{rel}","templated":true}]}}